{"id":1446,"date":"2011-12-11T08:38:04","date_gmt":"2011-12-11T08:38:04","guid":{"rendered":"http:\/\/karaoke.hefti-services.ch\/karaoke\/?page_id=1446"},"modified":"2019-12-10T06:32:45","modified_gmt":"2019-12-10T06:32:45","slug":"weihnachts-aktion","status":"publish","type":"page","link":"https:\/\/karaoke.hefti-services.ch\/karaoke\/index.php\/weihnachts-aktion\/","title":{"rendered":"<span style=\"color: #ff0000;\">SALE-Aktionen<\/span>"},"content":{"rendered":"<h2><strong><span style=\"color: #ff0000;\">Interessante Geschenke \/ Aktionen \/ Pakete<\/span><\/strong><\/h2>\n<h2>Paket 2: <span style=\"color: #ff0000;\">400 Songs, CHF <del>380<\/del><\/span><span style=\"color: #ff0000;\">,<\/span> <strong><span style=\"color: #ff0000;\">nur CHF 299.-<\/span><\/strong><\/h2>\n<table border=\"0\" width=\"785\" cellspacing=\"0\" cellpadding=\"0\">\n<tbody>\n<tr>\n<td height=\"21\"><strong>Neue Produktion \/ Aktuelle Hits<br \/>\nnur CHF\u00a0189 !!! Einf\u00fchrungsangebot<br \/>\n<\/strong><a href=\"http:\/\/karaoke.hefti-services.ch\/karaoke\/?file_id=102\" target=\"_blank\" rel=\"noopener noreferrer\">POP Vol.\u00a026\u00a0(Adele, J.Bieber, B. Mars)<\/a><\/td>\n<td>200 Songs<\/td>\n<td><del>239 CHF<\/del><\/td>\n<\/tr>\n<tr>\n<td height=\"21\"><strong>Neueste Produktion \/ Aktuelle Hits<br \/>\nnur CHF 191 !!! Einf\u00fchrungsangebot<br \/>\n<\/strong><a href=\"http:\/\/karaoke.hefti-services.ch\/karaoke\/?file_id=104\" target=\"_blank\" rel=\"noopener noreferrer\">POP Vol. 27 (4xAdele, Katy Perry, Lady Gaga, Maroon5, Rihanna)<\/a><\/td>\n<td>200 Songs<\/td>\n<td><del>239 CHF<\/del><\/td>\n<\/tr>\n<\/tbody>\n<\/table>\n<h2>Paket 3: <span style=\"color: #ff0000;\">1&#8217;124 Songs, CHF <del>521<\/del>, <strong><span style=\"color: #ff0000;\">nur CHF 421.-<\/span><\/strong><\/span><\/h2>\n<table border=\"0\" width=\"785\" cellspacing=\"0\" cellpadding=\"0\">\n<tbody>\n<tr>\n<td height=\"20\"><a href=\"http:\/\/karaoke.hefti-services.ch\/karaoke\/?file_id=62\" target=\"_blank\" rel=\"noopener noreferrer\">Schweizer Mundart Vol. 1<\/a><\/td>\n<td>131 Songs<\/td>\n<td>121 CHF<\/td>\n<\/tr>\n<tr>\n<td height=\"21\"><strong>Neueste Produktion \/ Aktuelle Hits<br \/>\nnur CHF 191 !!! Einf\u00fchrungsangebot<br \/>\n<\/strong><a href=\"http:\/\/karaoke.hefti-services.ch\/karaoke\/?file_id=104\" target=\"_blank\" rel=\"noopener noreferrer\">POP Vol. 27 (4xAdele, Katy Perry, Lady Gaga, Maroon5, Rihanna)<\/a><\/td>\n<td>200 Songs<\/td>\n<td><del>239<\/del> CHF<\/td>\n<\/tr>\n<tr>\n<td height=\"21\"><strong><br \/>\n<\/strong><a href=\"http:\/\/karaoke.hefti-services.ch\/karaoke\/?file_id=107\" target=\"_blank\" rel=\"noopener noreferrer\">POP-793<\/a><strong> Aktion nur CHF 199 !!!<\/strong><\/td>\n<td>793 Songs<\/td>\n<td><del>349 CHF<\/del><\/td>\n<\/tr>\n<\/tbody>\n<\/table>\n<h2>Paket 4:<strong>\u00a0<\/strong><\/h2>\n<p><a href=\"http:\/\/karaoke.hefti-services.ch\/karaoke\/wp-content\/uploads\/2011\/12\/WeihnAktion2.jpg\" target=\"_blank\" rel=\"noopener noreferrer\"><img loading=\"lazy\" decoding=\"async\" class=\"alignleft size-full wp-image-1459\" title=\"WeihnAktion2\" src=\"http:\/\/karaoke.hefti-services.ch\/karaoke\/wp-content\/uploads\/2011\/12\/WeihnAktion2.jpg\" alt=\"\" width=\"287\" height=\"215\" srcset=\"https:\/\/karaoke.hefti-services.ch\/karaoke\/wp-content\/uploads\/2011\/12\/WeihnAktion2.jpg 287w, https:\/\/karaoke.hefti-services.ch\/karaoke\/wp-content\/uploads\/2011\/12\/WeihnAktion2-90x67.jpg 90w\" sizes=\"auto, (max-width: 287px) 100vw, 287px\" \/><\/a><strong>Songchip CH-Mundart Vol. 1<br \/>\n<\/strong><strong>131 Schweizer Hits, CHF 121.-<\/strong><\/p>\n<p>Polo Hofer &amp; Schmetterband \u2013 Alperose<br \/>\nFlorian Ast &amp; Francine Jordi \u2013 Tr\u00e4ne<br \/>\nZ\u00fcri West &#8211; I sch\u00e4nke dr mis H\u00e4rz<br \/>\nMash &#8211; Ewigi Liebi<br \/>\nG\u00f6l\u00e4 &#8211; Schwan oder I H\u00e4tt No Viu Bl\u00f6der Ta<br \/>\nBaschi &#8211; Gib Mir \u00c4 Chance<br \/>\n<strong><strong>und vieles mehr<\/strong><\/strong><\/p>\n<p>komplette Songliste s. unter <a href=\"http:\/\/karaoke.hefti-services.ch\/karaoke\/?file_id=62\" target=\"_blank\" rel=\"noopener noreferrer\"><span style=\"color: #800080;\">http:\/\/karaoke.hefti-services.ch\/karaoke\/?file_id=62<\/span><\/a><\/p>\n<h2>\u00a0\u00a0\u00a0\u00a0 +<\/h2>\n<p><a href=\"http:\/\/karaoke.hefti-services.ch\/karaoke\/wp-content\/uploads\/2011\/12\/WeihnAktion5.jpg\" target=\"_blank\" rel=\"noopener noreferrer\"><img loading=\"lazy\" decoding=\"async\" class=\"alignleft size-full wp-image-1459\" title=\"WeihnAktion5\" src=\"http:\/\/karaoke.hefti-services.ch\/karaoke\/wp-content\/uploads\/2011\/12\/WeihnAktion5.jpg\" alt=\"\" width=\"287\" height=\"215\" \/><\/a><strong>Song Chip POP-793<br \/>\n793 Songs <\/strong><strong>Evergreens von 1965 &#8211; 2010, Aktion nur CHF 199 !!!<\/strong><\/p>\n<p>The Beatles \u2013 Hey Jude oder Yesterday<br \/>\nABBA \u2013 Waterloo oder Mamma Mia<br \/>\nRoy Orbison \u2013 Pretty Women<br \/>\nRolling Stones \u2013 Angie oder Honky Tonk Women<br \/>\nSantana \u2013 Black Magic Women<br \/>\nSimon &amp; Garfunkel \u2013 Mrs. Robinson<br \/>\nStevie Wonder \u2013 I just called to say I L Y<br \/>\nTom Jones \u2013 Delilah oder Green Green Gras of Home <strong><strong>und vieles mehr<br \/>\n<\/strong><\/strong><\/p>\n<p>komplette Songliste s. unter <a href=\"http:\/\/karaoke.hefti-services.ch\/karaoke\/?file_id=107\" target=\"_blank\" rel=\"noopener noreferrer\">http:\/\/karaoke.hefti-services.ch\/karaoke\/?file_id=107<\/a><\/p>\n<p>+\u00a0\u00a0\u00a0\u00a0\u00a0\u00a0\u00a0 <strong>Porto \/ Verpackung, CHF 11.-<\/strong><\/p>\n<p><strong><span style=\"color: #ff0000;\">Dieses Paket hat einen Wert von Total CHF 331.-.<\/span><\/strong><\/p>\n<h2><strong>\u00dcber 30% Rabatt, f\u00fcr Sie nur <span style=\"color: #ff0000;\">CHF 230.-\u00a0<\/span><\/strong><\/h2>\n<h2><strong><span style=\"color: #000000;\">****************************************<\/span><\/strong><\/h2>\n<h2><strong><span style=\"color: #ff0000;\">Interessante Optionen:<\/span><\/strong><\/h2>\n<p><a href=\"http:\/\/karaoke.hefti-services.ch\/karaoke\/wp-content\/uploads\/2011\/12\/WeihnAktion5.jpg\" target=\"_blank\" rel=\"noopener noreferrer\"><img loading=\"lazy\" decoding=\"async\" class=\"alignleft size-full wp-image-1463\" title=\"WeihnAktion5\" src=\"http:\/\/karaoke.hefti-services.ch\/karaoke\/wp-content\/uploads\/2011\/12\/WeihnAktion5.jpg\" alt=\"\" width=\"287\" height=\"215\" srcset=\"https:\/\/karaoke.hefti-services.ch\/karaoke\/wp-content\/uploads\/2011\/12\/WeihnAktion5.jpg 287w, https:\/\/karaoke.hefti-services.ch\/karaoke\/wp-content\/uploads\/2011\/12\/WeihnAktion5-90x67.jpg 90w\" sizes=\"auto, (max-width: 287px) 100vw, 287px\" \/><\/a><strong>Song Chip POP-793<br \/>\n793 Songs <\/strong><strong>Evergreens von 1965 &#8211; 2010,<br \/>\n<\/strong><strong>anstatt CHF 349.-<\/strong><strong><span style=\"color: #ff0000;\"> nur CHF 199.-<\/span><\/strong><\/p>\n<p><span style=\"color: #ff0000;\"><span style=\"color: #000000;\">The Beatles \u2013 Hey Jude oder Yesterday<br \/>\nABBA \u2013 Waterloo oder Mamma Mia<br \/>\nRoy Orbison \u2013 Pretty Women<br \/>\nRolling Stones \u2013 Angie oder Honky Tonk Women<br \/>\nSantana \u2013 Black Magic Women<br \/>\nSimon &amp; Garfunkel \u2013 Mrs. Robinson<br \/>\nStevie Wonder \u2013 I just called to say I L Y<br \/>\n<\/span><span style=\"color: #000000;\">Tom Jones \u2013 Delilah oder Green Green Gras of Home <\/span><strong><span style=\"color: #000000;\"><strong>und vieles mehr<\/strong><\/span><\/strong><\/span><\/p>\n<p>komplette Songliste s. unter <a href=\"http:\/\/karaoke.hefti-services.ch\/karaoke\/?file_id=107\" target=\"_blank\" rel=\"noopener noreferrer\">http:\/\/karaoke.hefti-services.ch\/karaoke\/?file_id=107<\/a><\/p>\n<p>komplette Songliste, sortiert nach Interpret\/Band\u00a0s. unter <a href=\"http:\/\/karaoke.hefti-services.ch\/karaoke\/?file_id=108\">http:\/\/karaoke.hefti-services.ch\/karaoke\/?file_id=108<\/a><\/p>\n<h2>Unser Geheimtip:<br \/>\nDer Songchip POP-793 ist der absolute Hit!<br \/>\nEin Song kostet nur CHF 0.25.<\/h2>\n<p>Bitte bestellen Sie \u00fcber das <a href=\"http:\/\/karaoke.hefti-services.ch\/karaoke\/index.php\/kontaktformular\/\">Kontaktformular<\/a>.<\/p>\n<p>F\u00fcr Fragen stehen wir jederzeit zur Verf\u00fcgung.<\/p>\n<p>Sammy Hefti<br \/>\nHefti Services<\/p>\n","protected":false},"excerpt":{"rendered":"<p>Interessante Geschenke \/ Aktionen \/ Pakete Paket 2: 400 Songs, CHF 380, nur CHF 299.- Neue Produktion \/ Aktuelle Hits nur CHF\u00a0189 !!! Einf\u00fchrungsangebot POP Vol.\u00a026\u00a0(Adele, J.Bieber, B. Mars) 200 Songs 239 CHF Neueste Produktion \/ Aktuelle Hits nur CHF &hellip; <a class=\"more-link\" href=\"https:\/\/karaoke.hefti-services.ch\/karaoke\/index.php\/weihnachts-aktion\/\">Continue reading <span class=\"meta-nav\">&rarr;<\/span><\/a><\/p>\n","protected":false},"author":1,"featured_media":0,"parent":0,"menu_order":72,"comment_status":"closed","ping_status":"closed","template":"","meta":{"ngg_post_thumbnail":0,"footnotes":""},"class_list":["post-1446","page","type-page","status-publish","hentry"],"_links":{"self":[{"href":"https:\/\/karaoke.hefti-services.ch\/karaoke\/index.php\/wp-json\/wp\/v2\/pages\/1446","targetHints":{"allow":["GET"]}}],"collection":[{"href":"https:\/\/karaoke.hefti-services.ch\/karaoke\/index.php\/wp-json\/wp\/v2\/pages"}],"about":[{"href":"https:\/\/karaoke.hefti-services.ch\/karaoke\/index.php\/wp-json\/wp\/v2\/types\/page"}],"author":[{"embeddable":true,"href":"https:\/\/karaoke.hefti-services.ch\/karaoke\/index.php\/wp-json\/wp\/v2\/users\/1"}],"replies":[{"embeddable":true,"href":"https:\/\/karaoke.hefti-services.ch\/karaoke\/index.php\/wp-json\/wp\/v2\/comments?post=1446"}],"version-history":[{"count":51,"href":"https:\/\/karaoke.hefti-services.ch\/karaoke\/index.php\/wp-json\/wp\/v2\/pages\/1446\/revisions"}],"predecessor-version":[{"id":1936,"href":"https:\/\/karaoke.hefti-services.ch\/karaoke\/index.php\/wp-json\/wp\/v2\/pages\/1446\/revisions\/1936"}],"wp:attachment":[{"href":"https:\/\/karaoke.hefti-services.ch\/karaoke\/index.php\/wp-json\/wp\/v2\/media?parent=1446"}],"curies":[{"name":"wp","href":"https:\/\/api.w.org\/{rel}","templated":true}]}}