{"id":470,"date":"2011-04-15T21:29:55","date_gmt":"2011-04-15T19:29:55","guid":{"rendered":"http:\/\/hefti-services.ch\/?page_id=470"},"modified":"2023-07-29T16:02:30","modified_gmt":"2023-07-29T16:02:30","slug":"herzlich-willkommen-2","status":"publish","type":"page","link":"https:\/\/karaoke.hefti-services.ch\/karaoke\/","title":{"rendered":"Gr\u00fcezi"},"content":{"rendered":"<p><span style=\"color: #000000;\"><img loading=\"lazy\" decoding=\"async\" class=\"alignleft size-full wp-image-1047\" title=\"Portrait Sammy Hefti\" src=\"http:\/\/karaoke.hefti-services.ch\/karaoke\/wp-content\/uploads\/2011\/04\/portrait-147x190.png\" alt=\"\" width=\"147\" height=\"190\"><\/span><\/p>\n<p><span style=\"color: #000000;\"><strong><span style=\"font-size: 18pt;\">Herzlich Willkommen<\/span><\/strong><\/span><\/p>\n<p><span style=\"color: #000000;\">Vielen Dank f\u00fcr Ihren Besuch meiner Homepage.<\/span><\/p>\n<p>Wo immer ein Fernseher steht, ist Magic Sing sofort und ohne Zusatzger\u00e4t einsetzbar.<br \/>\n&#8211; am TV anschliessen<br \/>\n&#8211; Song ausw\u00e4hlen<br \/>\n&#8211; Singen und Spass haben<\/p>\n<h2>Sing-Spass der neuesten Generation<\/h2>\n<p>Ich kann unser neuestes System E2Dual (2 kabellose Mikrophones) sehr empfehlen, was sich technologisch mit den Vorg\u00e4nger-Modellen nicht vergleichen l\u00e4sst. Die Technologie \u00e4nderst sich leider in der heutigen Zeit rasend.<\/p>\n<p><a href=\"http:\/\/karaoke.hefti-services.ch\/karaoke\/wp-content\/uploads\/2019\/12\/magic-sing-e2-dual.jpg\"><img loading=\"lazy\" decoding=\"async\" class=\"alignleft size-medium wp-image-1943\" src=\"http:\/\/karaoke.hefti-services.ch\/karaoke\/wp-content\/uploads\/2019\/12\/magic-sing-e2-dual-216x300.jpg\" alt=\"\" width=\"216\" height=\"300\" srcset=\"https:\/\/karaoke.hefti-services.ch\/karaoke\/wp-content\/uploads\/2019\/12\/magic-sing-e2-dual-216x300.jpg 216w, https:\/\/karaoke.hefti-services.ch\/karaoke\/wp-content\/uploads\/2019\/12\/magic-sing-e2-dual.jpg 590w\" sizes=\"auto, (max-width: 216px) 100vw, 216px\" \/><\/a>Siehe Infos zu Magic Sing E2Dual:<\/p>\n<p>Ganz neu auf dem Markt ist das Magic Sind E2Dual, technologisch wieder ein Vorw\u00e4rtssprung gegen\u00fcber dem Magic Sing ET-23K.<\/p>\n<p>Dieses Ger\u00e4t braucht jedoch eine Wifi-Internet Verbindung.<\/p>\n<p>Mit dem dazugeh\u00f6renden Voucher haben Sie Zugriff auf eine Magic Sing Datenbank mit 200&#8217;000 Karaoke-Songs. D.h. man muss keine zus\u00e4tzliche Songchips mehr kaufen, da diese Songs auch in der Magic-Sing Mediathek zu finden sind.<\/p>\n<p>Dieses Ger\u00e4t kostet 539.00 CHF inkl. Versandkosten.<\/p>\n<p><strong>Magic Sing E2 Dual<\/strong><\/p>\n<p>Das MagicSing E-2 Dual-Karaoke-Ger\u00e4t bringt Familien und Freunde f\u00fcr eine unvergessliche Zeit zusammen. Mit mehr als 20 Jahren Erfahrung in der Herstellung von Karaoke-Systemen hat EnterMedia eines der modernsten Karaoke-Systeme der Welt entwickelt. Dank der intuitiven, benutzerfreundlichen Benutzeroberfl\u00e4che und dem einfachen Design k\u00f6nnen Benutzer Melodie, Klang, Echo, Tempo und andere Funktionen leicht anpassen, um das beste S\u00e4ngerlebnis zu erzielen.<\/p>\n<p>Der MagicSing E-2 kann Musiknoten auf dem Fernsehger\u00e4t anzeigen, w\u00e4hrend die Musik weiter abgespielt wird. Benutzer haben auch die M\u00f6glichkeit, ihre Hintergrundanzeige durch Einstecken eines USB- oder SD-Kartenanschlusses weiter anzupassen. Ein zweites Funkmikrofon ist standardm\u00e4\u00dfig vorhanden. Sie k\u00f6nnen jedoch ein drittes, kabelgebundenes Mikrofon hinzuf\u00fcgen, das zum Verkauf angeboten wird, sodass Sie mit bis zu drei Personen gleichzeitig singen k\u00f6nnen.<\/p>\n<p><strong>Produktmerkmale <\/strong><br \/>\n\u2022 WiFi &#8211; Verbinden Sie sich mit WLAN und streamen Sie mehr als 10.000 englische Pop-Songs<br \/>\n\u2022 Abonnieren &#8211; F\u00fcr den Zugriff auf Songs in Niederl\u00e4ndisch, Deutsch, Franz\u00f6sisch, Italienisch, Spanisch, Englisch, aber auch Tagalog, Koreanisch, Chinesisch, Japanisch, Hindi, Vietnamesisch und mehr ist ein Abonnement erforderlich!<br \/>\n\u2022 Updates &#8211; Neue Songs werden w\u00f6chentlich f\u00fcr alle Benutzer von MagicSing Karaoke aktualisiert<br \/>\n\u2022 Inklusive &#8211; Zwei (2) Funkmikrofone, ein drittes Kabelmikrofon ist optional.<br \/>\n\u2022 Magicsing-App &#8211; Laden Sie die kostenlose europ\u00e4ische MagicSing-Karaoke-App vom Google Play Store oder vom Apple App Store herunter<br \/>\n\u2022 Echtzeit-Musiknotizen &#8211; Echtzeit-Musiknoten sind f\u00fcr die meisten Songs mit Unterst\u00fctzung f\u00fcr Full HD-Hintergrund verf\u00fcgbar<br \/>\n\u2022 Songs w\u00e4hrend des Singens suchen &#8211; Suchen und reservieren Sie Songs w\u00e4hrend des Singens nach Titel, Interpret und Text<br \/>\n\u2022 Unterst\u00fctzung &#8211; Full HD, HDTV, zus\u00e4tzlicher Mikrofonanschluss, USB-Flash-Laufwerk, Unterst\u00fctzung f\u00fcr Micro SD-Karten und mehrsprachig kompatibel<br \/>\n\u2022 Anpassbar &#8211; Anpassen der Hintergrundanzeige, der Melodie, des Tones, des Echo, des Tempos und anderer Karaoke-Funktionen<br \/>\n\u2022 Score SysteM &#8211; Sehen Sie, wie Ihr Score steigt, w\u00e4hrend Sie Ihr Lieblingslied singen<br \/>\n\u2022 6 Monate Herrsteller-Garantie<\/p>\n<p>Hier noch ein paar weitere Informationen zum Voucher-System:<\/p>\n<ul>\n<li>Auf \u00fcber 10\u2018000 englische Songs haben Sie sowieso immer im freien Zugriff<\/li>\n<li>F\u00fcr 60 Tage erhalten sie einen Coupon\/Voucher f\u00fcr vollen Zugriff auf \u00fcber 200\u2018000 Karoke-Songs<\/li>\n<li>Installieren Sie jetzt schon das App MAGICSING EUROPE, dort sehen Sie alles gut erkl\u00e4rt und k\u00f6nnen dort auch ein Abo kaufen, wenn die 60 Tage abgelaufen sind<\/li>\n<\/ul>\n<p><strong><span style=\"font-family: Verdana;\"><span style=\"font-size: 12pt;\"><a href=\"http:\/\/karaoke.hefti-services.ch\/karaoke\/wp-content\/uploads\/werbung-buero.avi\" target=\"_blank\" rel=\"noopener noreferrer\"><img loading=\"lazy\" decoding=\"async\" class=\"alignleft size-medium wp-image-983\" title=\"Karaoke Video1\" src=\"http:\/\/karaoke.hefti-services.ch\/karaoke\/wp-content\/uploads\/2009\/02\/kar-et-4500-6-300x199.jpg\" alt=\"\" width=\"170\" height=\"113\"><\/a><\/span><\/span><\/strong><\/p>\n<p><strong><span style=\"font-family: Verdana;\"><span style=\"font-size: 12pt;\"><a href=\"http:\/\/karaoke.hefti-services.ch\/karaoke\/wp-content\/uploads\/KARAOKE_MagicSing.avi\" target=\"_blank\" rel=\"noopener noreferrer\"><img loading=\"lazy\" decoding=\"async\" class=\"alignright size-full wp-image-1012\" title=\"Karaoke Video2\" src=\"http:\/\/karaoke.hefti-services.ch\/karaoke\/wp-content\/uploads\/2009\/02\/kar-et-4500-7.jpg\" alt=\"\" width=\"170\" height=\"113\"><\/a>Wie funktioniert das?<\/span><\/span><\/strong><\/p>\n<p><strong>Schau mal in diese Videos rein (<a href=\"http:\/\/karaoke.hefti-services.ch\/karaoke\/wp-content\/uploads\/werbung-buero.avi\">Klicke<\/a> auf ein Bild)<\/strong><\/p>\n<p><strong>Viel Spass, ist lustig.<\/strong><\/p>\n<p>Ich freue mich auf Ihre Kontaktaufnahme und stehe Ihnen gerne f\u00fcr alle Fragen rund um Magic Sing Microphones und Song-Chips pers\u00f6nlich zur Verf\u00fcgung.<\/p>\n<p><span style=\"color: #000000;\">Herzliche Gr\u00fcsse<\/span><br \/>\n<span style=\"font-family: Verdana; color: #000000;\"><a href=\"http:\/\/karaoke.hefti-services.ch\/karaoke\/wp-content\/uploads\/2011\/04\/sig-blau.jpg\"><span style=\"color: #000000;\"><em><img loading=\"lazy\" decoding=\"async\" class=\"alignnone  size-full wp-image-635\" title=\"sig-blau\" src=\"http:\/\/karaoke.hefti-services.ch\/karaoke\/wp-content\/uploads\/2011\/04\/sig-blau.jpg\" alt=\"\" width=\"133\" height=\"70\"><\/em><\/span><\/a><\/span><br \/>\n<span style=\"color: #000000;\">Sammy Hefti<br \/>\nHefti Services<\/span><\/p>\n","protected":false},"excerpt":{"rendered":"<p>Herzlich Willkommen Vielen Dank f\u00fcr Ihren Besuch meiner Homepage. Wo immer ein Fernseher steht, ist Magic Sing sofort und ohne Zusatzger\u00e4t einsetzbar. &#8211; am TV anschliessen &#8211; Song ausw\u00e4hlen &#8211; Singen und Spass haben Sing-Spass der neuesten Generation Ich kann &hellip; <a class=\"more-link\" href=\"https:\/\/karaoke.hefti-services.ch\/karaoke\/\">Continue reading <span class=\"meta-nav\">&rarr;<\/span><\/a><\/p>\n","protected":false},"author":1,"featured_media":0,"parent":0,"menu_order":1,"comment_status":"closed","ping_status":"closed","template":"","meta":{"ngg_post_thumbnail":0,"footnotes":""},"class_list":["post-470","page","type-page","status-publish","hentry"],"_links":{"self":[{"href":"https:\/\/karaoke.hefti-services.ch\/karaoke\/index.php\/wp-json\/wp\/v2\/pages\/470","targetHints":{"allow":["GET"]}}],"collection":[{"href":"https:\/\/karaoke.hefti-services.ch\/karaoke\/index.php\/wp-json\/wp\/v2\/pages"}],"about":[{"href":"https:\/\/karaoke.hefti-services.ch\/karaoke\/index.php\/wp-json\/wp\/v2\/types\/page"}],"author":[{"embeddable":true,"href":"https:\/\/karaoke.hefti-services.ch\/karaoke\/index.php\/wp-json\/wp\/v2\/users\/1"}],"replies":[{"embeddable":true,"href":"https:\/\/karaoke.hefti-services.ch\/karaoke\/index.php\/wp-json\/wp\/v2\/comments?post=470"}],"version-history":[{"count":29,"href":"https:\/\/karaoke.hefti-services.ch\/karaoke\/index.php\/wp-json\/wp\/v2\/pages\/470\/revisions"}],"predecessor-version":[{"id":1980,"href":"https:\/\/karaoke.hefti-services.ch\/karaoke\/index.php\/wp-json\/wp\/v2\/pages\/470\/revisions\/1980"}],"wp:attachment":[{"href":"https:\/\/karaoke.hefti-services.ch\/karaoke\/index.php\/wp-json\/wp\/v2\/media?parent=470"}],"curies":[{"name":"wp","href":"https:\/\/api.w.org\/{rel}","templated":true}]}}