{"id":53,"date":"2009-02-12T17:10:09","date_gmt":"2009-02-12T15:10:09","guid":{"rendered":"http:\/\/bewerbungsberater.ch\/?page_id=53"},"modified":"2023-03-02T12:53:01","modified_gmt":"2023-03-02T12:53:01","slug":"magic-sing-mikrofon","status":"publish","type":"page","link":"https:\/\/karaoke.hefti-services.ch\/karaoke\/index.php\/magic-sing-mikrofon\/","title":{"rendered":"Magic Sing Mikrofon"},"content":{"rendered":"<h1><span style=\"color: #ff0000;\"><strong>ET-23KH HD + ET-23K ausverkauft! Keine Nachlieferung.<br \/>\nNachfolger ist Magic Sing E2 Dual.<br \/>\nMehr Infos direkt bei uns.<\/strong><\/span><\/h1>\n<h2>Sing-Spass der neuesten Generation<\/h2>\n<p><a href=\"http:\/\/karaoke.hefti-services.ch\/karaoke\/wp-content\/uploads\/2019\/12\/magic-sing-e2-dual.jpg\"><img loading=\"lazy\" decoding=\"async\" class=\"alignleft size-medium wp-image-1943\" src=\"http:\/\/karaoke.hefti-services.ch\/karaoke\/wp-content\/uploads\/2019\/12\/magic-sing-e2-dual-216x300.jpg\" alt=\"\" width=\"216\" height=\"300\" srcset=\"https:\/\/karaoke.hefti-services.ch\/karaoke\/wp-content\/uploads\/2019\/12\/magic-sing-e2-dual-216x300.jpg 216w, https:\/\/karaoke.hefti-services.ch\/karaoke\/wp-content\/uploads\/2019\/12\/magic-sing-e2-dual.jpg 590w\" sizes=\"auto, (max-width: 216px) 100vw, 216px\" \/><\/a>Ich kann unser neuestes System E2 Dual (2 kabellose Mikrophones) sehr empfehlen, was sich technologisch mit den Vorg\u00e4nger-Modellen nicht vergleichen l\u00e4sst. Die Technologie \u00e4nderst sich leider in der heutigen Zeit rasend.<\/p>\n<p>Siehe Infos zu Magic Sing E2 Dual:<\/p>\n<p>Ganz neu auf dem Markt ist das Magic Sind E2 Dual, technologisch wieder ein Vorw\u00e4rtssprung gegen\u00fcber dem Magic Sing ET-23K.<\/p>\n<p>Dieses Ger\u00e4t braucht jedoch eine Wifi-Internet Verbindung.<\/p>\n<p><a href=\"http:\/\/karaoke.hefti-services.ch\/karaoke\/wp-content\/uploads\/2019\/12\/magic-sing-e2-dual-2.jpg\"><img loading=\"lazy\" decoding=\"async\" class=\"alignleft size-medium wp-image-1942\" src=\"http:\/\/karaoke.hefti-services.ch\/karaoke\/wp-content\/uploads\/2019\/12\/magic-sing-e2-dual-2-300x225.jpg\" alt=\"\" width=\"300\" height=\"225\" srcset=\"https:\/\/karaoke.hefti-services.ch\/karaoke\/wp-content\/uploads\/2019\/12\/magic-sing-e2-dual-2-300x225.jpg 300w, https:\/\/karaoke.hefti-services.ch\/karaoke\/wp-content\/uploads\/2019\/12\/magic-sing-e2-dual-2-768x577.jpg 768w, https:\/\/karaoke.hefti-services.ch\/karaoke\/wp-content\/uploads\/2019\/12\/magic-sing-e2-dual-2-1024x770.jpg 1024w, https:\/\/karaoke.hefti-services.ch\/karaoke\/wp-content\/uploads\/2019\/12\/magic-sing-e2-dual-2-90x67.jpg 90w, https:\/\/karaoke.hefti-services.ch\/karaoke\/wp-content\/uploads\/2019\/12\/magic-sing-e2-dual-2.jpg 1252w\" sizes=\"auto, (max-width: 300px) 100vw, 300px\" \/><\/a>Mit dem dazugeh\u00f6renden Voucher haben Sie Zugriff auf eine Magic Sing Datenbank mit 200&#8217;000 Karaoke-Songs. D.h. man muss keine zus\u00e4tzliche Songchips mehr kaufen, da diese Songs auch in der Magic-Sing Mediathek zu finden sind.<\/p>\n<h2><span style=\"color: #ff0000;\">Dieses Ger\u00e4t kostet 539.00 CHF inkl. Versandkosten.<\/span><\/h2>\n<p><strong>Magic Sing E2 Dual<\/strong><\/p>\n<p><a href=\"http:\/\/karaoke.hefti-services.ch\/karaoke\/wp-content\/uploads\/2019\/12\/magic-sing-e2-dual-3.jpg\"><img loading=\"lazy\" decoding=\"async\" class=\"alignleft size-medium wp-image-1941\" src=\"http:\/\/karaoke.hefti-services.ch\/karaoke\/wp-content\/uploads\/2019\/12\/magic-sing-e2-dual-3-98x300.jpg\" alt=\"\" width=\"98\" height=\"300\" srcset=\"https:\/\/karaoke.hefti-services.ch\/karaoke\/wp-content\/uploads\/2019\/12\/magic-sing-e2-dual-3-98x300.jpg 98w, https:\/\/karaoke.hefti-services.ch\/karaoke\/wp-content\/uploads\/2019\/12\/magic-sing-e2-dual-3-333x1024.jpg 333w\" sizes=\"auto, (max-width: 98px) 100vw, 98px\" \/><\/a>Das MagicSing E2 Dual-Karaoke-Ger\u00e4t bringt Familien und Freunde f\u00fcr eine unvergessliche Zeit zusammen. Mit mehr als 20 Jahren Erfahrung in der Herstellung von Karaoke-Systemen hat EnterMedia eines der modernsten Karaoke-Systeme der Welt entwickelt. Dank der intuitiven, benutzerfreundlichen Benutzeroberfl\u00e4che und dem einfachen Design k\u00f6nnen Benutzer Melodie, Klang, Echo, Tempo und andere Funktionen leicht anpassen, um das beste S\u00e4ngerlebnis zu erzielen.<\/p>\n<p>Das MagicSing E2 Dual-Karaoke-Ger\u00e4t kann Musiknoten auf dem Fernsehger\u00e4t anzeigen, w\u00e4hrend die Musik weiter abgespielt wird. Benutzer haben auch die M\u00f6glichkeit, ihre Hintergrundanzeige durch Einstecken eines USB- oder SD-Kartenanschlusses weiter anzupassen. Ein zweites Funkmikrofon ist standardm\u00e4\u00dfig vorhanden.&nbsp;<\/p>\n<p><strong>Produktmerkmale <\/strong><br \/>\n\u2022 WiFi &#8211; Verbinden Sie sich mit WLAN und streamen Sie mehr als 10.000 englische Pop-Songs<br \/>\n\u2022 Abonnieren &#8211; F\u00fcr den Zugriff auf Songs in Niederl\u00e4ndisch, Deutsch, Franz\u00f6sisch, Italienisch, Spanisch, Englisch, aber auch Tagalog, Koreanisch, Chinesisch, Japanisch, Hindi, Vietnamesisch und mehr ist ein Abonnement erforderlich!<br \/>\n\u2022 Updates &#8211; Neue Songs werden w\u00f6chentlich f\u00fcr alle Benutzer von MagicSing Karaoke aktualisiert<br \/>\n\u2022 Inklusive &#8211; Zwei (2) Funkmikrofone, ein drittes Kabelmikrofon ist optional.<br \/>\n\u2022 Magicsing-App &#8211; Laden Sie die kostenlose europ\u00e4ische MagicSing-Karaoke-App vom Google Play Store oder vom Apple App Store herunter<br \/>\n\u2022 Echtzeit-Musiknotizen &#8211; Echtzeit-Musiknoten sind f\u00fcr die meisten Songs mit Unterst\u00fctzung f\u00fcr Full HD-Hintergrund verf\u00fcgbar<br \/>\n\u2022 Songs w\u00e4hrend des Singens suchen &#8211; Suchen und reservieren Sie Songs w\u00e4hrend des Singens nach Titel, Interpret und Text<br \/>\n\u2022 Unterst\u00fctzung &#8211; Full HD, HDTV, zus\u00e4tzlicher Mikrofonanschluss, USB-Flash-Laufwerk, Unterst\u00fctzung f\u00fcr Micro SD-Karten und mehrsprachig kompatibel<br \/>\n\u2022 Anpassbar &#8211; Anpassen der Hintergrundanzeige, der Melodie, des Tones, des Echo, des Tempos und anderer Karaoke-Funktionen<br \/>\n\u2022 Score SysteM &#8211; Sehen Sie, wie Ihr Score steigt, w\u00e4hrend Sie Ihr Lieblingslied singen<br \/>\n\u2022 6 Monate Herrsteller-Garantie<\/p>\n<p>Hier noch ein paar weitere Informationen zum Voucher-System:<\/p>\n<ul>\n<li>Auf \u00fcber 10\u2018000 englische Songs haben Sie sowieso immer im freien Zugriff<\/li>\n<li>F\u00fcr 60 Tage erhalten sie einen Coupon\/Voucher f\u00fcr vollen Zugriff auf \u00fcber 200\u2018000 Karoke-Songs<\/li>\n<li>Installieren Sie jetzt schon das App MAGICSING EUROPE, dort sehen Sie alles gut erkl\u00e4rt und k\u00f6nnen dort auch ein Abo kaufen, wenn die 60 Tage abgelaufen sind<\/li>\n<\/ul>\n","protected":false},"excerpt":{"rendered":"<p>ET-23KH HD + ET-23K ausverkauft! Keine Nachlieferung. Nachfolger ist Magic Sing E2 Dual. Mehr Infos direkt bei uns. Sing-Spass der neuesten Generation Ich kann unser neuestes System E2 Dual (2 kabellose Mikrophones) sehr empfehlen, was sich technologisch mit den Vorg\u00e4nger-Modellen &hellip; <a class=\"more-link\" href=\"https:\/\/karaoke.hefti-services.ch\/karaoke\/index.php\/magic-sing-mikrofon\/\">Continue reading <span class=\"meta-nav\">&rarr;<\/span><\/a><\/p>\n","protected":false},"author":2,"featured_media":0,"parent":0,"menu_order":60,"comment_status":"closed","ping_status":"closed","template":"","meta":{"ngg_post_thumbnail":0,"footnotes":""},"class_list":["post-53","page","type-page","status-publish","hentry"],"_links":{"self":[{"href":"https:\/\/karaoke.hefti-services.ch\/karaoke\/index.php\/wp-json\/wp\/v2\/pages\/53","targetHints":{"allow":["GET"]}}],"collection":[{"href":"https:\/\/karaoke.hefti-services.ch\/karaoke\/index.php\/wp-json\/wp\/v2\/pages"}],"about":[{"href":"https:\/\/karaoke.hefti-services.ch\/karaoke\/index.php\/wp-json\/wp\/v2\/types\/page"}],"author":[{"embeddable":true,"href":"https:\/\/karaoke.hefti-services.ch\/karaoke\/index.php\/wp-json\/wp\/v2\/users\/2"}],"replies":[{"embeddable":true,"href":"https:\/\/karaoke.hefti-services.ch\/karaoke\/index.php\/wp-json\/wp\/v2\/comments?post=53"}],"version-history":[{"count":65,"href":"https:\/\/karaoke.hefti-services.ch\/karaoke\/index.php\/wp-json\/wp\/v2\/pages\/53\/revisions"}],"predecessor-version":[{"id":1973,"href":"https:\/\/karaoke.hefti-services.ch\/karaoke\/index.php\/wp-json\/wp\/v2\/pages\/53\/revisions\/1973"}],"wp:attachment":[{"href":"https:\/\/karaoke.hefti-services.ch\/karaoke\/index.php\/wp-json\/wp\/v2\/media?parent=53"}],"curies":[{"name":"wp","href":"https:\/\/api.w.org\/{rel}","templated":true}]}}